{"id":4902,"date":"2026-01-14T08:40:35","date_gmt":"2026-01-14T07:40:35","guid":{"rendered":"https:\/\/www.kaktusmichel.de\/Kaktusnews\/?page_id=4902"},"modified":"2026-02-19T08:08:50","modified_gmt":"2026-02-19T07:08:50","slug":"diy","status":"publish","type":"page","link":"https:\/\/www.kaktusmichel.de\/Kaktusnews\/diy\/","title":{"rendered":"DIY"},"content":{"rendered":"<p><span style=\"font-size: 14pt;\">Unser neuestes Buch erscheint bald.<\/span><\/p>\n<p><span style=\"font-size: 28pt;\"><em>Mach es selbst<\/em><\/span><\/p>\n<p><span style=\"font-size: 28pt;\"><em>backen, kochen, wursteln und noch vieles mehr&#8230;..<\/em><\/span><\/p>\n<p><span style=\"font-size: 28pt;\"><em>Helga und Michael Januschkowetz<\/em><\/span><\/p>\n<p><span style=\"font-size: 14pt;\">Tauche ein in die faszinierende Welt des Selbermachens! In einer Zeit, in der industriell hergestellte Lebensmittel unseren Alltag dominieren, w\u00e4chst bei vielen Menschen die Sehnsucht nach Urspr\u00fcnglichkeit \u2013 nach echten Aromen, regionalen Zutaten und dem besonderen Gl\u00fcck, etwas mit den eigenen H\u00e4nden zu schaffen. Dieses Buch m\u00f6chte dazu inspirieren, die eigene Kreativit\u00e4t zu entdecken und die Freude am Selbermachen zu erlernen.<\/span><\/p>\n<p><span style=\"font-size: 14pt;\">Mit einfachen Mitteln das eigene Brot oder frische Br\u00f6tchen zu backen. Mit diesem Buch ist das kein Problem mehr. Herrliche Kuchen kreieren und delikate Wurst-, Schinken- oder K\u00e4sespezialit\u00e4ten herstellen \u2013 alles mit selbst ausgew\u00e4hlten Zutaten, die f\u00fcr unverf\u00e4lschten Genuss sorgen. Von herzhaften Mahlzeiten bis hin zu s\u00fc\u00dfen Versuchungen bietet dieses Buch eine gro\u00dfe Vielfalt an Rezepten f\u00fcr jeden Geschmack. Eintauchen in die Welt der italienischen Pastaherstellung oder sich mit hausgemachtem Eis verw\u00f6hnen, das Angebot l\u00e4sst keine W\u00fcnsche offen. Zus\u00e4tzlich enthalten sind Rezepte f\u00fcr selbstgemachte Lik\u00f6re und Sirupe, die jeden Feinschmecker begeistern werden.<\/span><\/p>\n<p><span style=\"font-size: 14pt;\">Ein besonderes Highlight ist die Entdeckung der Welt der Gew\u00fcrze. Eigene Gew\u00fcrzmischungen zusammenstellen, um den Gerichten eine ganz individuelle Note zu verleihen. Ebenso begeistern selbstgemachte Seifen und andere Kosmetikprodukte, die einfach herzustellen sind \u2013 perfekt f\u00fcr eine nat\u00fcrliche Pflege und als kleine pers\u00f6nliche Aufmerksamkeiten f\u00fcr Freunde.<\/span><\/p>\n<p><span style=\"font-size: 14pt;\">Jedes Rezept und die vielseitigen Ideen in diesem Buch bieten \u00fcbersichtliche, leicht umsetzbare Anleitungen.<\/span><br \/>\n<span style=\"font-size: 14pt;\">Verwandeln Sie Ihre K\u00fcche in einen besonderen Ort, an dem jede Zutat eine Geschichte erz\u00e4hlt und jedes Produkt zu einem einzigartigen Erlebnis wird. Starten Sie jetzt Ihr Do-it-yourself-Abenteuer!<br \/>\n<\/span><\/p>\n<p><img loading=\"lazy\" decoding=\"async\" class=\"aligncenter size-full wp-image-4903\" src=\"https:\/\/www.kaktusmichel.de\/Kaktusnews\/wp-content\/uploads\/2026\/01\/Titel-Cover.jpg\" alt=\"\" width=\"1000\" height=\"713\" srcset=\"https:\/\/www.kaktusmichel.de\/Kaktusnews\/wp-content\/uploads\/2026\/01\/Titel-Cover.jpg 1000w, https:\/\/www.kaktusmichel.de\/Kaktusnews\/wp-content\/uploads\/2026\/01\/Titel-Cover-300x214.jpg 300w, https:\/\/www.kaktusmichel.de\/Kaktusnews\/wp-content\/uploads\/2026\/01\/Titel-Cover-150x107.jpg 150w, https:\/\/www.kaktusmichel.de\/Kaktusnews\/wp-content\/uploads\/2026\/01\/Titel-Cover-768x548.jpg 768w\" sizes=\"auto, (max-width: 1000px) 100vw, 1000px\" \/><\/p>\n<p><span style=\"font-size: 14pt;\">Inhaltsverzeichnis:<\/span><\/p>\n<p><span style=\"font-size: 14pt;\">Seite 5 Einleitung<\/span><br \/>\n<span style=\"font-size: 14pt;\">Seite 7 Backwaren<\/span><br \/>\n<span style=\"font-size: 14pt;\">Seite 46 S\u00fc\u00dfes aus Getreide<\/span><br \/>\n<span style=\"font-size: 14pt;\">Seite 80 Teigwaren <\/span><br \/>\n<span style=\"font-size: 14pt;\">Seite 96 Gew\u00fcrzmischungen <\/span><br \/>\n<span style=\"font-size: 14pt;\">Seite 110 Speiseeis und Schokolade<\/span><br \/>\n<span style=\"font-size: 14pt;\">Seite 118 Getr\u00e4nke, Sirup und Lik\u00f6r<\/span><br \/>\n<span style=\"font-size: 14pt;\">Seite 134 Molkereiprodukte<\/span><br \/>\n<span style=\"font-size: 14pt;\">Seite 144 Fleischerzeugnisse<\/span><br \/>\n<span style=\"font-size: 14pt;\">Seite 166 Brotaufstriche<\/span><br \/>\n<span style=\"font-size: 14pt;\">Seite 176 Hygiene, Kosmetik und kleine Heilmittel<\/span><br \/>\n<span style=\"font-size: 14pt;\">Seite 193 Vorrats- und Speisekammer<\/span><br \/>\n<span style=\"font-size: 14pt;\">Seite 199 Noch ein paar Rezepte zum Schluss<\/span><br \/>\n<span style=\"font-size: 14pt;\">Seite 209 Bezugsquellen<\/span><\/p>\n<p><img loading=\"lazy\" decoding=\"async\" class=\"aligncenter size-large wp-image-4910\" src=\"https:\/\/www.kaktusmichel.de\/Kaktusnews\/wp-content\/uploads\/2026\/02\/Neuerscheinung-Webseite-1024x768.jpg\" alt=\"\" width=\"735\" height=\"551\" srcset=\"https:\/\/www.kaktusmichel.de\/Kaktusnews\/wp-content\/uploads\/2026\/02\/Neuerscheinung-Webseite-1024x768.jpg 1024w, https:\/\/www.kaktusmichel.de\/Kaktusnews\/wp-content\/uploads\/2026\/02\/Neuerscheinung-Webseite-300x225.jpg 300w, https:\/\/www.kaktusmichel.de\/Kaktusnews\/wp-content\/uploads\/2026\/02\/Neuerscheinung-Webseite-150x113.jpg 150w, https:\/\/www.kaktusmichel.de\/Kaktusnews\/wp-content\/uploads\/2026\/02\/Neuerscheinung-Webseite-768x576.jpg 768w, https:\/\/www.kaktusmichel.de\/Kaktusnews\/wp-content\/uploads\/2026\/02\/Neuerscheinung-Webseite.jpg 1500w\" sizes=\"auto, (max-width: 735px) 100vw, 735px\" \/><\/p>\n<p><span style=\"font-size: 14pt;\">\u00a0<\/span><\/p>\n","protected":false},"excerpt":{"rendered":"<p>Unser neuestes Buch erscheint bald. Mach es selbst backen, kochen, wursteln und noch vieles mehr&#8230;.. Helga und Michael Januschkowetz Tauche ein in die faszinierende Welt des Selbermachens! In einer Zeit, &hellip; <\/p>\n","protected":false},"author":1,"featured_media":4904,"parent":0,"menu_order":0,"comment_status":"closed","ping_status":"closed","template":"","meta":{"footnotes":""},"class_list":["post-4902","page","type-page","status-publish","has-post-thumbnail","hentry"],"yoast_head":"<!-- This site is optimized with the Yoast SEO plugin v27.3 - https:\/\/yoast.com\/product\/yoast-seo-wordpress\/ -->\n<title>DIY - KAKTUSNEWS und andere Hobbys<\/title>\n<meta name=\"description\" content=\"Unser neuestes Buch erscheint bald.Mach es selbstbacken, kochen, wursteln und noch vieles mehr... Bald Lieverbar!\" \/>\n<meta name=\"robots\" content=\"index, follow, max-snippet:-1, max-image-preview:large, max-video-preview:-1\" \/>\n<link rel=\"canonical\" href=\"https:\/\/www.kaktusmichel.de\/Kaktusnews\/diy\/\" \/>\n<meta property=\"og:locale\" content=\"de_DE\" \/>\n<meta property=\"og:type\" content=\"article\" \/>\n<meta property=\"og:title\" content=\"DIY - KAKTUSNEWS und andere Hobbys\" \/>\n<meta property=\"og:description\" content=\"Unser neuestes Buch erscheint bald.Mach es selbstbacken, kochen, wursteln und noch vieles mehr... Bald Lieverbar!\" \/>\n<meta property=\"og:url\" content=\"https:\/\/www.kaktusmichel.de\/Kaktusnews\/diy\/\" \/>\n<meta property=\"og:site_name\" content=\"KAKTUSNEWS und andere Hobbys\" \/>\n<meta property=\"article:modified_time\" content=\"2026-02-19T07:08:50+00:00\" \/>\n<meta property=\"og:image\" content=\"https:\/\/www.kaktusmichel.de\/Kaktusnews\/wp-content\/uploads\/2026\/01\/Banner.jpg\" \/>\n\t<meta property=\"og:image:width\" content=\"1100\" \/>\n\t<meta property=\"og:image:height\" content=\"400\" \/>\n\t<meta property=\"og:image:type\" content=\"image\/jpeg\" \/>\n<meta name=\"twitter:card\" content=\"summary_large_image\" \/>\n<meta name=\"twitter:label1\" content=\"Gesch\u00e4tzte Lesezeit\" \/>\n\t<meta name=\"twitter:data1\" content=\"3\u00a0Minuten\" \/>\n<script type=\"application\/ld+json\" class=\"yoast-schema-graph\">{\"@context\":\"https:\\\/\\\/schema.org\",\"@graph\":[{\"@type\":\"WebPage\",\"@id\":\"https:\\\/\\\/www.kaktusmichel.de\\\/Kaktusnews\\\/diy\\\/\",\"url\":\"https:\\\/\\\/www.kaktusmichel.de\\\/Kaktusnews\\\/diy\\\/\",\"name\":\"DIY - KAKTUSNEWS und andere Hobbys\",\"isPartOf\":{\"@id\":\"https:\\\/\\\/www.kaktusmichel.de\\\/Kaktusnews\\\/#website\"},\"primaryImageOfPage\":{\"@id\":\"https:\\\/\\\/www.kaktusmichel.de\\\/Kaktusnews\\\/diy\\\/#primaryimage\"},\"image\":{\"@id\":\"https:\\\/\\\/www.kaktusmichel.de\\\/Kaktusnews\\\/diy\\\/#primaryimage\"},\"thumbnailUrl\":\"https:\\\/\\\/www.kaktusmichel.de\\\/Kaktusnews\\\/wp-content\\\/uploads\\\/2026\\\/01\\\/Banner.jpg\",\"datePublished\":\"2026-01-14T07:40:35+00:00\",\"dateModified\":\"2026-02-19T07:08:50+00:00\",\"description\":\"Unser neuestes Buch erscheint bald.Mach es selbstbacken, kochen, wursteln und noch vieles mehr... Bald Lieverbar!\",\"breadcrumb\":{\"@id\":\"https:\\\/\\\/www.kaktusmichel.de\\\/Kaktusnews\\\/diy\\\/#breadcrumb\"},\"inLanguage\":\"de\",\"potentialAction\":[{\"@type\":\"ReadAction\",\"target\":[\"https:\\\/\\\/www.kaktusmichel.de\\\/Kaktusnews\\\/diy\\\/\"]}]},{\"@type\":\"ImageObject\",\"inLanguage\":\"de\",\"@id\":\"https:\\\/\\\/www.kaktusmichel.de\\\/Kaktusnews\\\/diy\\\/#primaryimage\",\"url\":\"https:\\\/\\\/www.kaktusmichel.de\\\/Kaktusnews\\\/wp-content\\\/uploads\\\/2026\\\/01\\\/Banner.jpg\",\"contentUrl\":\"https:\\\/\\\/www.kaktusmichel.de\\\/Kaktusnews\\\/wp-content\\\/uploads\\\/2026\\\/01\\\/Banner.jpg\",\"width\":1100,\"height\":400},{\"@type\":\"BreadcrumbList\",\"@id\":\"https:\\\/\\\/www.kaktusmichel.de\\\/Kaktusnews\\\/diy\\\/#breadcrumb\",\"itemListElement\":[{\"@type\":\"ListItem\",\"position\":1,\"name\":\"Startseite\",\"item\":\"https:\\\/\\\/www.kaktusmichel.de\\\/Kaktusnews\\\/\"},{\"@type\":\"ListItem\",\"position\":2,\"name\":\"DIY\"}]},{\"@type\":\"WebSite\",\"@id\":\"https:\\\/\\\/www.kaktusmichel.de\\\/Kaktusnews\\\/#website\",\"url\":\"https:\\\/\\\/www.kaktusmichel.de\\\/Kaktusnews\\\/\",\"name\":\"KAKTUSNEWS\",\"description\":\"Infos nicht nur \u00fcber Kakteen\",\"publisher\":{\"@id\":\"https:\\\/\\\/www.kaktusmichel.de\\\/Kaktusnews\\\/#organization\"},\"potentialAction\":[{\"@type\":\"SearchAction\",\"target\":{\"@type\":\"EntryPoint\",\"urlTemplate\":\"https:\\\/\\\/www.kaktusmichel.de\\\/Kaktusnews\\\/?s={search_term_string}\"},\"query-input\":{\"@type\":\"PropertyValueSpecification\",\"valueRequired\":true,\"valueName\":\"search_term_string\"}}],\"inLanguage\":\"de\"},{\"@type\":\"Organization\",\"@id\":\"https:\\\/\\\/www.kaktusmichel.de\\\/Kaktusnews\\\/#organization\",\"name\":\"Andreae Kakteenkulturen\",\"url\":\"https:\\\/\\\/www.kaktusmichel.de\\\/Kaktusnews\\\/\",\"logo\":{\"@type\":\"ImageObject\",\"inLanguage\":\"de\",\"@id\":\"https:\\\/\\\/www.kaktusmichel.de\\\/Kaktusnews\\\/#\\\/schema\\\/logo\\\/image\\\/\",\"url\":\"https:\\\/\\\/www.kaktusmichel.de\\\/Kaktusnews\\\/wp-content\\\/uploads\\\/2018\\\/02\\\/Logo.jpg\",\"contentUrl\":\"https:\\\/\\\/www.kaktusmichel.de\\\/Kaktusnews\\\/wp-content\\\/uploads\\\/2018\\\/02\\\/Logo.jpg\",\"width\":140,\"height\":40,\"caption\":\"Andreae Kakteenkulturen\"},\"image\":{\"@id\":\"https:\\\/\\\/www.kaktusmichel.de\\\/Kaktusnews\\\/#\\\/schema\\\/logo\\\/image\\\/\"}}]}<\/script>\n<!-- \/ Yoast SEO plugin. -->","yoast_head_json":{"title":"DIY - KAKTUSNEWS und andere Hobbys","description":"Unser neuestes Buch erscheint bald.Mach es selbstbacken, kochen, wursteln und noch vieles mehr... Bald Lieverbar!","robots":{"index":"index","follow":"follow","max-snippet":"max-snippet:-1","max-image-preview":"max-image-preview:large","max-video-preview":"max-video-preview:-1"},"canonical":"https:\/\/www.kaktusmichel.de\/Kaktusnews\/diy\/","og_locale":"de_DE","og_type":"article","og_title":"DIY - KAKTUSNEWS und andere Hobbys","og_description":"Unser neuestes Buch erscheint bald.Mach es selbstbacken, kochen, wursteln und noch vieles mehr... Bald Lieverbar!","og_url":"https:\/\/www.kaktusmichel.de\/Kaktusnews\/diy\/","og_site_name":"KAKTUSNEWS und andere Hobbys","article_modified_time":"2026-02-19T07:08:50+00:00","og_image":[{"width":1100,"height":400,"url":"https:\/\/www.kaktusmichel.de\/Kaktusnews\/wp-content\/uploads\/2026\/01\/Banner.jpg","type":"image\/jpeg"}],"twitter_card":"summary_large_image","twitter_misc":{"Gesch\u00e4tzte Lesezeit":"3\u00a0Minuten"},"schema":{"@context":"https:\/\/schema.org","@graph":[{"@type":"WebPage","@id":"https:\/\/www.kaktusmichel.de\/Kaktusnews\/diy\/","url":"https:\/\/www.kaktusmichel.de\/Kaktusnews\/diy\/","name":"DIY - KAKTUSNEWS und andere Hobbys","isPartOf":{"@id":"https:\/\/www.kaktusmichel.de\/Kaktusnews\/#website"},"primaryImageOfPage":{"@id":"https:\/\/www.kaktusmichel.de\/Kaktusnews\/diy\/#primaryimage"},"image":{"@id":"https:\/\/www.kaktusmichel.de\/Kaktusnews\/diy\/#primaryimage"},"thumbnailUrl":"https:\/\/www.kaktusmichel.de\/Kaktusnews\/wp-content\/uploads\/2026\/01\/Banner.jpg","datePublished":"2026-01-14T07:40:35+00:00","dateModified":"2026-02-19T07:08:50+00:00","description":"Unser neuestes Buch erscheint bald.Mach es selbstbacken, kochen, wursteln und noch vieles mehr... Bald Lieverbar!","breadcrumb":{"@id":"https:\/\/www.kaktusmichel.de\/Kaktusnews\/diy\/#breadcrumb"},"inLanguage":"de","potentialAction":[{"@type":"ReadAction","target":["https:\/\/www.kaktusmichel.de\/Kaktusnews\/diy\/"]}]},{"@type":"ImageObject","inLanguage":"de","@id":"https:\/\/www.kaktusmichel.de\/Kaktusnews\/diy\/#primaryimage","url":"https:\/\/www.kaktusmichel.de\/Kaktusnews\/wp-content\/uploads\/2026\/01\/Banner.jpg","contentUrl":"https:\/\/www.kaktusmichel.de\/Kaktusnews\/wp-content\/uploads\/2026\/01\/Banner.jpg","width":1100,"height":400},{"@type":"BreadcrumbList","@id":"https:\/\/www.kaktusmichel.de\/Kaktusnews\/diy\/#breadcrumb","itemListElement":[{"@type":"ListItem","position":1,"name":"Startseite","item":"https:\/\/www.kaktusmichel.de\/Kaktusnews\/"},{"@type":"ListItem","position":2,"name":"DIY"}]},{"@type":"WebSite","@id":"https:\/\/www.kaktusmichel.de\/Kaktusnews\/#website","url":"https:\/\/www.kaktusmichel.de\/Kaktusnews\/","name":"KAKTUSNEWS","description":"Infos nicht nur \u00fcber Kakteen","publisher":{"@id":"https:\/\/www.kaktusmichel.de\/Kaktusnews\/#organization"},"potentialAction":[{"@type":"SearchAction","target":{"@type":"EntryPoint","urlTemplate":"https:\/\/www.kaktusmichel.de\/Kaktusnews\/?s={search_term_string}"},"query-input":{"@type":"PropertyValueSpecification","valueRequired":true,"valueName":"search_term_string"}}],"inLanguage":"de"},{"@type":"Organization","@id":"https:\/\/www.kaktusmichel.de\/Kaktusnews\/#organization","name":"Andreae Kakteenkulturen","url":"https:\/\/www.kaktusmichel.de\/Kaktusnews\/","logo":{"@type":"ImageObject","inLanguage":"de","@id":"https:\/\/www.kaktusmichel.de\/Kaktusnews\/#\/schema\/logo\/image\/","url":"https:\/\/www.kaktusmichel.de\/Kaktusnews\/wp-content\/uploads\/2018\/02\/Logo.jpg","contentUrl":"https:\/\/www.kaktusmichel.de\/Kaktusnews\/wp-content\/uploads\/2018\/02\/Logo.jpg","width":140,"height":40,"caption":"Andreae Kakteenkulturen"},"image":{"@id":"https:\/\/www.kaktusmichel.de\/Kaktusnews\/#\/schema\/logo\/image\/"}}]}},"_links":{"self":[{"href":"https:\/\/www.kaktusmichel.de\/Kaktusnews\/wp-json\/wp\/v2\/pages\/4902","targetHints":{"allow":["GET"]}}],"collection":[{"href":"https:\/\/www.kaktusmichel.de\/Kaktusnews\/wp-json\/wp\/v2\/pages"}],"about":[{"href":"https:\/\/www.kaktusmichel.de\/Kaktusnews\/wp-json\/wp\/v2\/types\/page"}],"author":[{"embeddable":true,"href":"https:\/\/www.kaktusmichel.de\/Kaktusnews\/wp-json\/wp\/v2\/users\/1"}],"replies":[{"embeddable":true,"href":"https:\/\/www.kaktusmichel.de\/Kaktusnews\/wp-json\/wp\/v2\/comments?post=4902"}],"version-history":[{"count":2,"href":"https:\/\/www.kaktusmichel.de\/Kaktusnews\/wp-json\/wp\/v2\/pages\/4902\/revisions"}],"predecessor-version":[{"id":4913,"href":"https:\/\/www.kaktusmichel.de\/Kaktusnews\/wp-json\/wp\/v2\/pages\/4902\/revisions\/4913"}],"wp:featuredmedia":[{"embeddable":true,"href":"https:\/\/www.kaktusmichel.de\/Kaktusnews\/wp-json\/wp\/v2\/media\/4904"}],"wp:attachment":[{"href":"https:\/\/www.kaktusmichel.de\/Kaktusnews\/wp-json\/wp\/v2\/media?parent=4902"}],"curies":[{"name":"wp","href":"https:\/\/api.w.org\/{rel}","templated":true}]}}