{"id":4535,"date":"2023-03-16T16:20:45","date_gmt":"2023-03-16T15:20:45","guid":{"rendered":"https:\/\/www.kaktusmichel.de\/Kaktusnews\/?page_id=4535"},"modified":"2025-03-02T17:50:09","modified_gmt":"2025-03-02T16:50:09","slug":"ueber-mich","status":"publish","type":"page","link":"https:\/\/www.kaktusmichel.de\/Kaktusnews\/ueber-mich\/","title":{"rendered":"\u00dcber mich"},"content":{"rendered":"<p><span style=\"font-size: 14pt;\"><span style=\"font-size: 16pt;\"><em>Hallo, sch\u00f6n, dass Du hier bist.<\/em> <\/span>&#x1f60a;<\/span><\/p>\n<p><span style=\"font-size: 14pt;\">Du liest Texte von einem Blogger, der sich leidenschaftlich f\u00fcr Kakteen, Sukkulenten und Fotografie einsetzt. Aber auch gerne kocht oder ein gutes Buch liest. Das Ziel ist es, die Liebe zu diesen Dingen mit meinen Lesern zu teilen. So m\u00f6chte ich Dir viele n\u00fctzliche Informationen \u00fcber Kakteen, Sukkulenten, B\u00fccher, Kochen und Fotografie geben \u2013 und das alles auf eine entspannte und leicht verst\u00e4ndliche Art und Weise.<\/span><\/p>\n<p><img loading=\"lazy\" decoding=\"async\" class=\"aligncenter size-large wp-image-3925\" src=\"https:\/\/www.kaktusmichel.de\/Kaktusnews\/wp-content\/uploads\/2021\/08\/Frithia-pulchra-1024x768.jpg\" alt=\"\" width=\"735\" height=\"551\" srcset=\"https:\/\/www.kaktusmichel.de\/Kaktusnews\/wp-content\/uploads\/2021\/08\/Frithia-pulchra-1024x768.jpg 1024w, https:\/\/www.kaktusmichel.de\/Kaktusnews\/wp-content\/uploads\/2021\/08\/Frithia-pulchra-300x225.jpg 300w, https:\/\/www.kaktusmichel.de\/Kaktusnews\/wp-content\/uploads\/2021\/08\/Frithia-pulchra-150x113.jpg 150w, https:\/\/www.kaktusmichel.de\/Kaktusnews\/wp-content\/uploads\/2021\/08\/Frithia-pulchra-768x576.jpg 768w, https:\/\/www.kaktusmichel.de\/Kaktusnews\/wp-content\/uploads\/2021\/08\/Frithia-pulchra.jpg 1150w\" sizes=\"auto, (max-width: 735px) 100vw, 735px\" \/><\/p>\n<p><span style=\"font-size: 14pt;\">Mein Blog begann als kleines Hobbyprojekt vor fast 30 Jahren, aber im Laufe der Jahre habe ich ihn stetig weiterentwickelt und mein Wissen erweitert. Heutzutage helfe ich Tausenden von Menschen, ihre Kakteen und Sukkulenten auf Vordermann zu bringen oder ihr Portfolio als Fotograf zu perfektionieren. Ich habe auch ein Buch \u00fcber Kakteen und andere Sukkulenten ver\u00f6ffentlicht, in dem Du das Gelernte direkt in die Praxis umsetzen kannst \u2013 egal, ob Du Dich sich schon lange mit dem Thema besch\u00e4ftigst oder gerade erst damit anfangen hast.<\/span><\/p>\n<figure id=\"attachment_3908\" aria-describedby=\"caption-attachment-3908\" style=\"width: 374px\" class=\"wp-caption aligncenter\"><img loading=\"lazy\" decoding=\"async\" class=\"size-full wp-image-3908\" src=\"https:\/\/www.kaktusmichel.de\/Kaktusnews\/wp-content\/uploads\/2021\/07\/Cover.jpg\" alt=\"\" width=\"374\" height=\"500\" srcset=\"https:\/\/www.kaktusmichel.de\/Kaktusnews\/wp-content\/uploads\/2021\/07\/Cover.jpg 374w, https:\/\/www.kaktusmichel.de\/Kaktusnews\/wp-content\/uploads\/2021\/07\/Cover-224x300.jpg 224w, https:\/\/www.kaktusmichel.de\/Kaktusnews\/wp-content\/uploads\/2021\/07\/Cover-112x150.jpg 112w\" sizes=\"auto, (max-width: 374px) 100vw, 374px\" \/><figcaption id=\"caption-attachment-3908\" class=\"wp-caption-text\">Herausgeber \u200f : \u200e Quelle &amp; Meyer; 2., aktualisierte und verbesserte Edition (15. Juli 2021)<br \/>Sprache \u200f : \u200e Deutsch<br \/>Gebundene Ausgabe \u200f : \u200e 616 Seiten<br \/>ISBN-10 \u200f : \u200e 3494018758<br \/>ISBN-13 \u200f : \u200e 978-3494018751<\/figcaption><\/figure>\n<p>&nbsp;<\/p>\n<p>Erschienen bei Quelle &amp; Meyer; 2., aktualisierte und verbesserte Edition (15. Juli 2021)<br \/>\nGebundene Ausgabe: \u200e 616 Seiten<br \/>\nISBN-10: \u200e 3494018758<br \/>\nISBN-13: \u200e 978-3494018751<\/p>\n<p><span style=\"font-size: 14pt;\">Und dann gibt es noch mein Buch mit vielen Karikaturen \u00fcber unser Kakteen-Hobby.<br \/>\nWeitere Information findest <a href=\"https:\/\/www.kaktusmichel.de\/Kaktusnews\/kakteen-karikaturen\/\" target=\"_blank\" rel=\"noopener\">Du hier&#8230;.<\/a><\/span><\/p>\n<p><a href=\"https:\/\/www.kaktusmichel.de\/Kaktusnews\/kakteen-karikaturen\/\" target=\"_blank\" rel=\"noopener\"><img loading=\"lazy\" decoding=\"async\" class=\"aligncenter size-full wp-image-4667\" src=\"https:\/\/www.kaktusmichel.de\/Kaktusnews\/wp-content\/uploads\/2024\/02\/Titel.jpg\" alt=\"\" width=\"500\" height=\"713\" srcset=\"https:\/\/www.kaktusmichel.de\/Kaktusnews\/wp-content\/uploads\/2024\/02\/Titel.jpg 500w, https:\/\/www.kaktusmichel.de\/Kaktusnews\/wp-content\/uploads\/2024\/02\/Titel-210x300.jpg 210w, https:\/\/www.kaktusmichel.de\/Kaktusnews\/wp-content\/uploads\/2024\/02\/Titel-105x150.jpg 105w\" sizes=\"auto, (max-width: 500px) 100vw, 500px\" \/><\/a><\/p>\n<p><span style=\"font-size: 14pt;\">Also \u2013 worauf wartest Du noch? Schau Dich um auf meinem Blog!<\/span><\/p>\n<p><span style=\"font-size: 14pt;\">Es erwartet Dich jede Menge Abenteuer<span class=\"grammar correction\" title=\"Meinten Sie den Gedankenstrich?\" data-type=\"grammar\" data-suggestions=\"[{&quot;value&quot;:&quot; \u2013 &quot;}]\" data-rule=\"FALSCHE_VERWENDUNG_DES_BINDESTRICHS\" data-word=\" - \"> \u2013 <\/span>von Spannendem, <span class=\"grammar correction\" title=\"Dieses Wort sollte gro\u00dfgeschrieben werden. Eigennamen (\u201aM\u00fcnchen\u2018) und allgemeine Nomen (\u201aAuto\u2018) sowie nominalisierte W\u00f6rter (\u201adas Schwimmen\u2018) m\u00fcssen mit einem Gro\u00dfbuchstaben beginnen.\" data-type=\"grammar\" data-suggestions=\"[{&quot;value&quot;:&quot;Wissenswertem&quot;}]\" data-rule=\"AI_DE_HYDRA_LEO_CASE_UPPER\" data-word=\"wissenswertem\">Wissenswertem<\/span> bis hin zu leckeren Rezeptideen.<\/span><br \/>\n<span style=\"font-size: 14pt;\">Und keine Angst: Falls Du mal nicht weiterkommst und Fragen hast<span class=\"grammar correction\" title=\"Meinten Sie den Gedankenstrich?\" data-type=\"grammar\" data-suggestions=\"[{&quot;value&quot;:&quot; \u2013 &quot;}]\" data-rule=\"FALSCHE_VERWENDUNG_DES_BINDESTRICHS\" data-word=\" - \"> \u2013 <\/span>frag einfach unter info@kaktusmichel.de, ich versuche Dir weiterzuhelfen.<\/span><\/p>\n<p><span style=\"font-family: comic sans ms, sans-serif; font-size: 18pt;\">Der Kaktusmichel<\/span><\/p>\n<p>&nbsp;<\/p>\n","protected":false},"excerpt":{"rendered":"<p>Hallo, sch\u00f6n, dass Du hier bist. &#x1f60a; Du liest Texte von einem Blogger, der sich leidenschaftlich f\u00fcr Kakteen, Sukkulenten und Fotografie einsetzt. Aber auch gerne kocht oder ein gutes Buch &hellip; <\/p>\n","protected":false},"author":1,"featured_media":0,"parent":0,"menu_order":0,"comment_status":"closed","ping_status":"closed","template":"","meta":{"footnotes":""},"class_list":["post-4535","page","type-page","status-publish","hentry"],"yoast_head":"<!-- This site is optimized with the Yoast SEO plugin v27.3 - https:\/\/yoast.com\/product\/yoast-seo-wordpress\/ -->\n<title>\u00dcber mich - KAKTUSNEWS und andere Hobbys<\/title>\n<meta name=\"description\" content=\"Du liest Texte von einem Blogger, der sich leidenschaftlich f\u00fcr Kakteen, Sukkulenten und Fotografie einsetzt\" \/>\n<meta name=\"robots\" content=\"index, follow, max-snippet:-1, max-image-preview:large, max-video-preview:-1\" \/>\n<link rel=\"canonical\" href=\"https:\/\/www.kaktusmichel.de\/Kaktusnews\/ueber-mich\/\" \/>\n<meta property=\"og:locale\" content=\"de_DE\" \/>\n<meta property=\"og:type\" content=\"article\" \/>\n<meta property=\"og:title\" content=\"\u00dcber mich - KAKTUSNEWS und andere Hobbys\" \/>\n<meta property=\"og:description\" content=\"Du liest Texte von einem Blogger, der sich leidenschaftlich f\u00fcr Kakteen, Sukkulenten und Fotografie einsetzt\" \/>\n<meta property=\"og:url\" content=\"https:\/\/www.kaktusmichel.de\/Kaktusnews\/ueber-mich\/\" \/>\n<meta property=\"og:site_name\" content=\"KAKTUSNEWS und andere Hobbys\" \/>\n<meta property=\"article:modified_time\" content=\"2025-03-02T16:50:09+00:00\" \/>\n<meta property=\"og:image\" content=\"https:\/\/www.kaktusmichel.de\/Kaktusnews\/wp-content\/uploads\/2021\/08\/Frithia-pulchra.jpg\" \/>\n\t<meta property=\"og:image:width\" content=\"1150\" \/>\n\t<meta property=\"og:image:height\" content=\"863\" \/>\n\t<meta property=\"og:image:type\" content=\"image\/jpeg\" \/>\n<meta name=\"twitter:card\" content=\"summary_large_image\" \/>\n<meta name=\"twitter:label1\" content=\"Gesch\u00e4tzte Lesezeit\" \/>\n\t<meta name=\"twitter:data1\" content=\"3\u00a0Minuten\" \/>\n<script type=\"application\/ld+json\" class=\"yoast-schema-graph\">{\"@context\":\"https:\\\/\\\/schema.org\",\"@graph\":[{\"@type\":\"WebPage\",\"@id\":\"https:\\\/\\\/www.kaktusmichel.de\\\/Kaktusnews\\\/ueber-mich\\\/\",\"url\":\"https:\\\/\\\/www.kaktusmichel.de\\\/Kaktusnews\\\/ueber-mich\\\/\",\"name\":\"\u00dcber mich - KAKTUSNEWS und andere Hobbys\",\"isPartOf\":{\"@id\":\"https:\\\/\\\/www.kaktusmichel.de\\\/Kaktusnews\\\/#website\"},\"primaryImageOfPage\":{\"@id\":\"https:\\\/\\\/www.kaktusmichel.de\\\/Kaktusnews\\\/ueber-mich\\\/#primaryimage\"},\"image\":{\"@id\":\"https:\\\/\\\/www.kaktusmichel.de\\\/Kaktusnews\\\/ueber-mich\\\/#primaryimage\"},\"thumbnailUrl\":\"https:\\\/\\\/www.kaktusmichel.de\\\/Kaktusnews\\\/wp-content\\\/uploads\\\/2021\\\/08\\\/Frithia-pulchra-1024x768.jpg\",\"datePublished\":\"2023-03-16T15:20:45+00:00\",\"dateModified\":\"2025-03-02T16:50:09+00:00\",\"description\":\"Du liest Texte von einem Blogger, der sich leidenschaftlich f\u00fcr Kakteen, Sukkulenten und Fotografie einsetzt\",\"breadcrumb\":{\"@id\":\"https:\\\/\\\/www.kaktusmichel.de\\\/Kaktusnews\\\/ueber-mich\\\/#breadcrumb\"},\"inLanguage\":\"de\",\"potentialAction\":[{\"@type\":\"ReadAction\",\"target\":[\"https:\\\/\\\/www.kaktusmichel.de\\\/Kaktusnews\\\/ueber-mich\\\/\"]}]},{\"@type\":\"ImageObject\",\"inLanguage\":\"de\",\"@id\":\"https:\\\/\\\/www.kaktusmichel.de\\\/Kaktusnews\\\/ueber-mich\\\/#primaryimage\",\"url\":\"https:\\\/\\\/www.kaktusmichel.de\\\/Kaktusnews\\\/wp-content\\\/uploads\\\/2021\\\/08\\\/Frithia-pulchra.jpg\",\"contentUrl\":\"https:\\\/\\\/www.kaktusmichel.de\\\/Kaktusnews\\\/wp-content\\\/uploads\\\/2021\\\/08\\\/Frithia-pulchra.jpg\",\"width\":1150,\"height\":863},{\"@type\":\"BreadcrumbList\",\"@id\":\"https:\\\/\\\/www.kaktusmichel.de\\\/Kaktusnews\\\/ueber-mich\\\/#breadcrumb\",\"itemListElement\":[{\"@type\":\"ListItem\",\"position\":1,\"name\":\"Startseite\",\"item\":\"https:\\\/\\\/www.kaktusmichel.de\\\/Kaktusnews\\\/\"},{\"@type\":\"ListItem\",\"position\":2,\"name\":\"\u00dcber mich\"}]},{\"@type\":\"WebSite\",\"@id\":\"https:\\\/\\\/www.kaktusmichel.de\\\/Kaktusnews\\\/#website\",\"url\":\"https:\\\/\\\/www.kaktusmichel.de\\\/Kaktusnews\\\/\",\"name\":\"KAKTUSNEWS\",\"description\":\"Infos nicht nur \u00fcber Kakteen\",\"publisher\":{\"@id\":\"https:\\\/\\\/www.kaktusmichel.de\\\/Kaktusnews\\\/#organization\"},\"potentialAction\":[{\"@type\":\"SearchAction\",\"target\":{\"@type\":\"EntryPoint\",\"urlTemplate\":\"https:\\\/\\\/www.kaktusmichel.de\\\/Kaktusnews\\\/?s={search_term_string}\"},\"query-input\":{\"@type\":\"PropertyValueSpecification\",\"valueRequired\":true,\"valueName\":\"search_term_string\"}}],\"inLanguage\":\"de\"},{\"@type\":\"Organization\",\"@id\":\"https:\\\/\\\/www.kaktusmichel.de\\\/Kaktusnews\\\/#organization\",\"name\":\"Andreae Kakteenkulturen\",\"url\":\"https:\\\/\\\/www.kaktusmichel.de\\\/Kaktusnews\\\/\",\"logo\":{\"@type\":\"ImageObject\",\"inLanguage\":\"de\",\"@id\":\"https:\\\/\\\/www.kaktusmichel.de\\\/Kaktusnews\\\/#\\\/schema\\\/logo\\\/image\\\/\",\"url\":\"https:\\\/\\\/www.kaktusmichel.de\\\/Kaktusnews\\\/wp-content\\\/uploads\\\/2018\\\/02\\\/Logo.jpg\",\"contentUrl\":\"https:\\\/\\\/www.kaktusmichel.de\\\/Kaktusnews\\\/wp-content\\\/uploads\\\/2018\\\/02\\\/Logo.jpg\",\"width\":140,\"height\":40,\"caption\":\"Andreae Kakteenkulturen\"},\"image\":{\"@id\":\"https:\\\/\\\/www.kaktusmichel.de\\\/Kaktusnews\\\/#\\\/schema\\\/logo\\\/image\\\/\"}}]}<\/script>\n<!-- \/ Yoast SEO plugin. -->","yoast_head_json":{"title":"\u00dcber mich - KAKTUSNEWS und andere Hobbys","description":"Du liest Texte von einem Blogger, der sich leidenschaftlich f\u00fcr Kakteen, Sukkulenten und Fotografie einsetzt","robots":{"index":"index","follow":"follow","max-snippet":"max-snippet:-1","max-image-preview":"max-image-preview:large","max-video-preview":"max-video-preview:-1"},"canonical":"https:\/\/www.kaktusmichel.de\/Kaktusnews\/ueber-mich\/","og_locale":"de_DE","og_type":"article","og_title":"\u00dcber mich - KAKTUSNEWS und andere Hobbys","og_description":"Du liest Texte von einem Blogger, der sich leidenschaftlich f\u00fcr Kakteen, Sukkulenten und Fotografie einsetzt","og_url":"https:\/\/www.kaktusmichel.de\/Kaktusnews\/ueber-mich\/","og_site_name":"KAKTUSNEWS und andere Hobbys","article_modified_time":"2025-03-02T16:50:09+00:00","og_image":[{"width":1150,"height":863,"url":"https:\/\/www.kaktusmichel.de\/Kaktusnews\/wp-content\/uploads\/2021\/08\/Frithia-pulchra.jpg","type":"image\/jpeg"}],"twitter_card":"summary_large_image","twitter_misc":{"Gesch\u00e4tzte Lesezeit":"3\u00a0Minuten"},"schema":{"@context":"https:\/\/schema.org","@graph":[{"@type":"WebPage","@id":"https:\/\/www.kaktusmichel.de\/Kaktusnews\/ueber-mich\/","url":"https:\/\/www.kaktusmichel.de\/Kaktusnews\/ueber-mich\/","name":"\u00dcber mich - KAKTUSNEWS und andere Hobbys","isPartOf":{"@id":"https:\/\/www.kaktusmichel.de\/Kaktusnews\/#website"},"primaryImageOfPage":{"@id":"https:\/\/www.kaktusmichel.de\/Kaktusnews\/ueber-mich\/#primaryimage"},"image":{"@id":"https:\/\/www.kaktusmichel.de\/Kaktusnews\/ueber-mich\/#primaryimage"},"thumbnailUrl":"https:\/\/www.kaktusmichel.de\/Kaktusnews\/wp-content\/uploads\/2021\/08\/Frithia-pulchra-1024x768.jpg","datePublished":"2023-03-16T15:20:45+00:00","dateModified":"2025-03-02T16:50:09+00:00","description":"Du liest Texte von einem Blogger, der sich leidenschaftlich f\u00fcr Kakteen, Sukkulenten und Fotografie einsetzt","breadcrumb":{"@id":"https:\/\/www.kaktusmichel.de\/Kaktusnews\/ueber-mich\/#breadcrumb"},"inLanguage":"de","potentialAction":[{"@type":"ReadAction","target":["https:\/\/www.kaktusmichel.de\/Kaktusnews\/ueber-mich\/"]}]},{"@type":"ImageObject","inLanguage":"de","@id":"https:\/\/www.kaktusmichel.de\/Kaktusnews\/ueber-mich\/#primaryimage","url":"https:\/\/www.kaktusmichel.de\/Kaktusnews\/wp-content\/uploads\/2021\/08\/Frithia-pulchra.jpg","contentUrl":"https:\/\/www.kaktusmichel.de\/Kaktusnews\/wp-content\/uploads\/2021\/08\/Frithia-pulchra.jpg","width":1150,"height":863},{"@type":"BreadcrumbList","@id":"https:\/\/www.kaktusmichel.de\/Kaktusnews\/ueber-mich\/#breadcrumb","itemListElement":[{"@type":"ListItem","position":1,"name":"Startseite","item":"https:\/\/www.kaktusmichel.de\/Kaktusnews\/"},{"@type":"ListItem","position":2,"name":"\u00dcber mich"}]},{"@type":"WebSite","@id":"https:\/\/www.kaktusmichel.de\/Kaktusnews\/#website","url":"https:\/\/www.kaktusmichel.de\/Kaktusnews\/","name":"KAKTUSNEWS","description":"Infos nicht nur \u00fcber Kakteen","publisher":{"@id":"https:\/\/www.kaktusmichel.de\/Kaktusnews\/#organization"},"potentialAction":[{"@type":"SearchAction","target":{"@type":"EntryPoint","urlTemplate":"https:\/\/www.kaktusmichel.de\/Kaktusnews\/?s={search_term_string}"},"query-input":{"@type":"PropertyValueSpecification","valueRequired":true,"valueName":"search_term_string"}}],"inLanguage":"de"},{"@type":"Organization","@id":"https:\/\/www.kaktusmichel.de\/Kaktusnews\/#organization","name":"Andreae Kakteenkulturen","url":"https:\/\/www.kaktusmichel.de\/Kaktusnews\/","logo":{"@type":"ImageObject","inLanguage":"de","@id":"https:\/\/www.kaktusmichel.de\/Kaktusnews\/#\/schema\/logo\/image\/","url":"https:\/\/www.kaktusmichel.de\/Kaktusnews\/wp-content\/uploads\/2018\/02\/Logo.jpg","contentUrl":"https:\/\/www.kaktusmichel.de\/Kaktusnews\/wp-content\/uploads\/2018\/02\/Logo.jpg","width":140,"height":40,"caption":"Andreae Kakteenkulturen"},"image":{"@id":"https:\/\/www.kaktusmichel.de\/Kaktusnews\/#\/schema\/logo\/image\/"}}]}},"_links":{"self":[{"href":"https:\/\/www.kaktusmichel.de\/Kaktusnews\/wp-json\/wp\/v2\/pages\/4535","targetHints":{"allow":["GET"]}}],"collection":[{"href":"https:\/\/www.kaktusmichel.de\/Kaktusnews\/wp-json\/wp\/v2\/pages"}],"about":[{"href":"https:\/\/www.kaktusmichel.de\/Kaktusnews\/wp-json\/wp\/v2\/types\/page"}],"author":[{"embeddable":true,"href":"https:\/\/www.kaktusmichel.de\/Kaktusnews\/wp-json\/wp\/v2\/users\/1"}],"replies":[{"embeddable":true,"href":"https:\/\/www.kaktusmichel.de\/Kaktusnews\/wp-json\/wp\/v2\/comments?post=4535"}],"version-history":[{"count":7,"href":"https:\/\/www.kaktusmichel.de\/Kaktusnews\/wp-json\/wp\/v2\/pages\/4535\/revisions"}],"predecessor-version":[{"id":4836,"href":"https:\/\/www.kaktusmichel.de\/Kaktusnews\/wp-json\/wp\/v2\/pages\/4535\/revisions\/4836"}],"wp:attachment":[{"href":"https:\/\/www.kaktusmichel.de\/Kaktusnews\/wp-json\/wp\/v2\/media?parent=4535"}],"curies":[{"name":"wp","href":"https:\/\/api.w.org\/{rel}","templated":true}]}}